{"id":1249,"date":"2022-03-24T13:48:50","date_gmt":"2022-03-24T12:48:50","guid":{"rendered":"https:\/\/magdalinette.com\/zespol\/"},"modified":"2025-10-18T23:06:15","modified_gmt":"2025-10-18T21:06:15","slug":"zespol","status":"publish","type":"page","link":"https:\/\/magdalinette.com\/pl\/zespol\/","title":{"rendered":"Zesp\u00f3\u0142"},"content":{"rendered":"\t\t<div data-elementor-type=\"wp-page\" data-elementor-id=\"1249\" class=\"elementor elementor-1249 elementor-410\">\n\t\t\t\t\t\t<section class=\"elementor-section elementor-top-section elementor-element elementor-element-aa832d8 wrapper-wide elementor-section-boxed elementor-section-height-default elementor-section-height-default\" data-id=\"aa832d8\" data-element_type=\"section\">\n\t\t\t\t\t\t<div class=\"elementor-container elementor-column-gap-default\">\n\t\t\t\t\t<div class=\"elementor-column elementor-col-33 elementor-top-column elementor-element elementor-element-b368bc4\" data-id=\"b368bc4\" data-element_type=\"column\">\n\t\t\t<div class=\"elementor-widget-wrap\">\n\t\t\t\t\t\t\t<\/div>\n\t\t<\/div>\n\t\t\t\t<div class=\"elementor-column elementor-col-66 elementor-top-column elementor-element elementor-element-88ddcb9\" data-id=\"88ddcb9\" data-element_type=\"column\">\n\t\t\t<div class=\"elementor-widget-wrap elementor-element-populated\">\n\t\t\t\t\t\t<div class=\"elementor-element elementor-element-07d8533 elementor-widget elementor-widget-aliothtextwrapper\" data-id=\"07d8533\" data-element_type=\"widget\" data-widget_type=\"aliothtextwrapper.default\">\n\t\t\t\t<div class=\"elementor-widget-container\">\n\t\t\t\n\n<div class=\"text-wrapper align-left\">\n\n    <h3 class=\"has-anim\" data-animation=\"linesUp\" data-duration=\"1\" data-delay=\"0.1\" data-stagger=\"0.1\">Nasz zesp\u00f3\u0142 to grupa do\u015bwiadczonych i zaanga\u017cowanych specjalist\u00f3w, kt\u00f3rzy codziennie wspieraj\u0105 Magd\u0119 w osi\u0105ganiu kolejnych sukces\u00f3w na \u015bwiatowych kortach. Wsp\u00f3lnie dbamy o jej rozw\u00f3j sportowy, zdrowie oraz odpowiedni\u0105 strategi\u0119 w ka\u017cdym meczu. Ka\u017cdy cz\u0142onek zespo\u0142u odgrywa kluczow\u0105 rol\u0119 w przygotowaniach do najwa\u017cniejszych turniej\u00f3w, zar\u00f3wno na poziomie technicznym, fizycznym, jak i mentalnym.\n<\/h3>\n<\/div>\n\n\n\t\t<\/div>\n\t\t\t\t<\/div>\n\t\t\t\t\t<\/div>\n\t\t<\/div>\n\t\t\t\t\t<\/div>\n\t\t<\/section>\n\t\t\t\t<section class=\"elementor-section elementor-top-section elementor-element elementor-element-ae33028 wrapper-fuller elementor-section-full_width elementor-section-height-min-height elementor-section-height-default elementor-section-items-middle\" data-id=\"ae33028\" data-element_type=\"section\">\n\t\t\t\t\t\t<div class=\"elementor-container elementor-column-gap-default\">\n\t\t\t\t\t<div class=\"elementor-column elementor-col-33 elementor-top-column elementor-element elementor-element-d7c00de\" data-id=\"d7c00de\" data-element_type=\"column\">\n\t\t\t<div class=\"elementor-widget-wrap elementor-element-populated\">\n\t\t\t\t\t\t<div class=\"elementor-element elementor-element-490c21a elementor-widget elementor-widget-aliothteammeber\" data-id=\"490c21a\" data-element_type=\"widget\" data-widget_type=\"aliothteammeber.default\">\n\t\t\t\t<div class=\"elementor-widget-container\">\n\t\t\t\n\n\n<!--Team Member-->\n<div class=\"alioth-team-member\">\n\n    <!--Team Member Image-->\n    <div class=\"member-image\">\n\n        <img decoding=\"async\" alt=\"\" src=\"https:\/\/magdalinette.com\/wp-content\/uploads\/2024\/09\/Mark-Gellard.jpg\">\n\n    <\/div>\n    <!--\/Team Member Image-->\n\n    <!--Team Member Meta-->\n    <div class=\"member-meta\">\n\n        <!--Team Member Name-->\n        <div class=\"member-name\">Mark Gellard<\/div>\n        <!--\/Team Member Name-->\n\n        <!--Team Member Title-->\n        <div class=\"member-title\">Coach<\/div>\n        <!--\/Team Member Title-->\n\n    <\/div>\n    <!--\/Team Member Meta-->\n\n    <!--Team Member Socials-->\n    <div class=\"member-socials\">\n        <ul>\n\n                        <li><a href=\"https:\/\/www.facebook.com\/mark.gellard.39\">Facebook<\/a><\/li>\n                        <li><a href=\"https:\/\/www.instagram.com\/coachgellard\/\">Instagram<\/a><\/li>\n                    <\/ul>\n    <\/div>\n    <!--\/Team Member Socials-->\n\n<\/div>\n<!--\/Team Member-->\n\n\n\t\t<\/div>\n\t\t\t\t<\/div>\n\t\t\t\t\t<\/div>\n\t\t<\/div>\n\t\t\t\t<div class=\"elementor-column elementor-col-33 elementor-top-column elementor-element elementor-element-707c417\" data-id=\"707c417\" data-element_type=\"column\">\n\t\t\t<div class=\"elementor-widget-wrap elementor-element-populated\">\n\t\t\t\t\t\t<div class=\"elementor-element elementor-element-c2d87d0 elementor-widget elementor-widget-aliothteammeber\" data-id=\"c2d87d0\" data-element_type=\"widget\" data-widget_type=\"aliothteammeber.default\">\n\t\t\t\t<div class=\"elementor-widget-container\">\n\t\t\t\n\n\n<!--Team Member-->\n<div class=\"alioth-team-member\">\n\n    <!--Team Member Image-->\n    <div class=\"member-image\">\n\n        <img decoding=\"async\" alt=\"\" src=\"https:\/\/magdalinette.com\/wp-content\/uploads\/2025\/10\/Agnieszka-Radwanska.jpg\">\n\n    <\/div>\n    <!--\/Team Member Image-->\n\n    <!--Team Member Meta-->\n    <div class=\"member-meta\">\n\n        <!--Team Member Name-->\n        <div class=\"member-name\">Agnieszka Radwa\u0144ska<\/div>\n        <!--\/Team Member Name-->\n\n        <!--Team Member Title-->\n        <div class=\"member-title\">Coach<\/div>\n        <!--\/Team Member Title-->\n\n    <\/div>\n    <!--\/Team Member Meta-->\n\n    <!--Team Member Socials-->\n    <div class=\"member-socials\">\n        <ul>\n\n                        <li><a href=\"https:\/\/www.facebook.com\/AgnieszkaRadwanska1\/\">Facebook<\/a><\/li>\n                        <li><a href=\"https:\/\/www.instagram.com\/aradwanska\/\">Instagram<\/a><\/li>\n                    <\/ul>\n    <\/div>\n    <!--\/Team Member Socials-->\n\n<\/div>\n<!--\/Team Member-->\n\n\n\t\t<\/div>\n\t\t\t\t<\/div>\n\t\t\t\t\t<\/div>\n\t\t<\/div>\n\t\t\t\t<div class=\"elementor-column elementor-col-33 elementor-top-column elementor-element elementor-element-5853838\" data-id=\"5853838\" data-element_type=\"column\">\n\t\t\t<div class=\"elementor-widget-wrap elementor-element-populated\">\n\t\t\t\t\t\t<div class=\"elementor-element elementor-element-3b9467f elementor-widget elementor-widget-aliothteammeber\" data-id=\"3b9467f\" data-element_type=\"widget\" data-widget_type=\"aliothteammeber.default\">\n\t\t\t\t<div class=\"elementor-widget-container\">\n\t\t\t\n\n\n<!--Team Member-->\n<div class=\"alioth-team-member\">\n\n    <!--Team Member Image-->\n    <div class=\"member-image\">\n\n        <img decoding=\"async\" alt=\"\" src=\"https:\/\/magdalinette.com\/wp-content\/uploads\/2024\/09\/Bez-nazwy-9-1.jpg\">\n\n    <\/div>\n    <!--\/Team Member Image-->\n\n    <!--Team Member Meta-->\n    <div class=\"member-meta\">\n\n        <!--Team Member Name-->\n        <div class=\"member-name\">Konrad Mularczyk<\/div>\n        <!--\/Team Member Name-->\n\n        <!--Team Member Title-->\n        <div class=\"member-title\">Sparring partner<\/div>\n        <!--\/Team Member Title-->\n\n    <\/div>\n    <!--\/Team Member Meta-->\n\n    <!--Team Member Socials-->\n    <div class=\"member-socials\">\n        <ul>\n\n                        <li><a href=\"#\">Facebook<\/a><\/li>\n                        <li><a href=\"#\">Instagram<\/a><\/li>\n                    <\/ul>\n    <\/div>\n    <!--\/Team Member Socials-->\n\n<\/div>\n<!--\/Team Member-->\n\n\n\t\t<\/div>\n\t\t\t\t<\/div>\n\t\t\t\t\t<\/div>\n\t\t<\/div>\n\t\t\t\t\t<\/div>\n\t\t<\/section>\n\t\t\t\t<section class=\"elementor-section elementor-top-section elementor-element elementor-element-d56dc1a wrapper-fuller elementor-section-full_width elementor-section-height-default elementor-section-height-default\" data-id=\"d56dc1a\" data-element_type=\"section\">\n\t\t\t\t\t\t<div class=\"elementor-container elementor-column-gap-default\">\n\t\t\t\t\t<div class=\"elementor-column elementor-col-33 elementor-top-column elementor-element elementor-element-cc8eaf8\" data-id=\"cc8eaf8\" data-element_type=\"column\">\n\t\t\t<div class=\"elementor-widget-wrap elementor-element-populated\">\n\t\t\t\t\t\t<div class=\"elementor-element elementor-element-c60971b elementor-widget elementor-widget-aliothteammeber\" data-id=\"c60971b\" data-element_type=\"widget\" data-widget_type=\"aliothteammeber.default\">\n\t\t\t\t<div class=\"elementor-widget-container\">\n\t\t\t\n\n\n<!--Team Member-->\n<div class=\"alioth-team-member\">\n\n    <!--Team Member Image-->\n    <div class=\"member-image\">\n\n        <img decoding=\"async\" alt=\"\" src=\"https:\/\/magdalinette.com\/wp-content\/uploads\/2025\/10\/Cassiano-Costa-2.jpg\">\n\n    <\/div>\n    <!--\/Team Member Image-->\n\n    <!--Team Member Meta-->\n    <div class=\"member-meta\">\n\n        <!--Team Member Name-->\n        <div class=\"member-name\">Cassiano Costa<\/div>\n        <!--\/Team Member Name-->\n\n        <!--Team Member Title-->\n        <div class=\"member-title\">Costa Performance<\/div>\n        <!--\/Team Member Title-->\n\n    <\/div>\n    <!--\/Team Member Meta-->\n\n    <!--Team Member Socials-->\n    <div class=\"member-socials\">\n        <ul>\n\n                        <li><a href=\"https:\/\/www.facebook.com\/mark.gellard.39\">Facebook<\/a><\/li>\n                        <li><a href=\"https:\/\/www.instagram.com\/coachgellard\/\">Instagram<\/a><\/li>\n                    <\/ul>\n    <\/div>\n    <!--\/Team Member Socials-->\n\n<\/div>\n<!--\/Team Member-->\n\n\n\t\t<\/div>\n\t\t\t\t<\/div>\n\t\t\t\t\t<\/div>\n\t\t<\/div>\n\t\t\t\t<div class=\"elementor-column elementor-col-33 elementor-top-column elementor-element elementor-element-3a7ace6\" data-id=\"3a7ace6\" data-element_type=\"column\">\n\t\t\t<div class=\"elementor-widget-wrap elementor-element-populated\">\n\t\t\t\t\t\t<div class=\"elementor-element elementor-element-fb2e5f4 elementor-widget elementor-widget-aliothteammeber\" data-id=\"fb2e5f4\" data-element_type=\"widget\" data-widget_type=\"aliothteammeber.default\">\n\t\t\t\t<div class=\"elementor-widget-container\">\n\t\t\t\n\n\n<!--Team Member-->\n<div class=\"alioth-team-member\">\n\n    <!--Team Member Image-->\n    <div class=\"member-image\">\n\n        <img decoding=\"async\" alt=\"\" src=\"https:\/\/magdalinette.com\/wp-content\/uploads\/2024\/09\/Pawel-Habrat.jpg\">\n\n    <\/div>\n    <!--\/Team Member Image-->\n\n    <!--Team Member Meta-->\n    <div class=\"member-meta\">\n\n        <!--Team Member Name-->\n        <div class=\"member-name\">Pawe\u0142 Habrat<\/div>\n        <!--\/Team Member Name-->\n\n        <!--Team Member Title-->\n        <div class=\"member-title\">Psychologist<\/div>\n        <!--\/Team Member Title-->\n\n    <\/div>\n    <!--\/Team Member Meta-->\n\n    <!--Team Member Socials-->\n    <div class=\"member-socials\">\n        <ul>\n\n                        <li><a href=\"#.\">Facebook<\/a><\/li>\n                        <li><a href=\"#.\">Instagram<\/a><\/li>\n                    <\/ul>\n    <\/div>\n    <!--\/Team Member Socials-->\n\n<\/div>\n<!--\/Team Member-->\n\n\n\t\t<\/div>\n\t\t\t\t<\/div>\n\t\t\t\t\t<\/div>\n\t\t<\/div>\n\t\t\t\t<div class=\"elementor-column elementor-col-33 elementor-top-column elementor-element elementor-element-a7c21ec\" data-id=\"a7c21ec\" data-element_type=\"column\">\n\t\t\t<div class=\"elementor-widget-wrap\">\n\t\t\t\t\t\t\t<\/div>\n\t\t<\/div>\n\t\t\t\t\t<\/div>\n\t\t<\/section>\n\t\t\t\t<section class=\"elementor-section elementor-top-section elementor-element elementor-element-fa47621 wrapper-smaller elementor-section-boxed elementor-section-height-default elementor-section-height-default\" data-id=\"fa47621\" data-element_type=\"section\">\n\t\t\t\t\t\t<div class=\"elementor-container elementor-column-gap-default\">\n\t\t\t\t\t<div class=\"elementor-column elementor-col-100 elementor-top-column elementor-element elementor-element-9776c6c\" data-id=\"9776c6c\" data-element_type=\"column\">\n\t\t\t<div class=\"elementor-widget-wrap elementor-element-populated\">\n\t\t\t\t\t\t<div class=\"elementor-element elementor-element-b3a8280 elementor-widget elementor-widget-aliothtextwrapper\" data-id=\"b3a8280\" data-element_type=\"widget\" data-widget_type=\"aliothtextwrapper.default\">\n\t\t\t\t<div class=\"elementor-widget-container\">\n\t\t\t\n\n<div class=\"text-wrapper align-left\">\n\n    <h5 class=\"has-anim\" data-animation=\"wordsUp\" data-duration=\"1\" data-delay=\"0.1\" data-stagger=\"0.02\">Zesp\u00f3\u0142 Magdy Linette to grupa ekspert\u00f3w, kt\u00f3rzy wsp\u00f3lnie pracuj\u0105 nad jej sukcesami na \u015bwiatowych kortach. Dzi\u0119ki wsparciu trener\u00f3w, fizjoterapeut\u00f3w, psychologa oraz managera, Magda jest doskonale przygotowana zar\u00f3wno fizycznie, jak i mentalnie do ka\u017cdego wyzwania. Ka\u017cdy cz\u0142onek teamu wnosi unikaln\u0105 wiedz\u0119 i do\u015bwiadczenie, tworz\u0105c solidne fundamenty jej kariery sportowej. Razem d\u0105\u017cymy do osi\u0105gania coraz wy\u017cszych cel\u00f3w!<\/h5>\n<\/div>\n\n\n\t\t<\/div>\n\t\t\t\t<\/div>\n\t\t\t\t\t<\/div>\n\t\t<\/div>\n\t\t\t\t\t<\/div>\n\t\t<\/section>\n\t\t\t\t<section class=\"elementor-section elementor-top-section elementor-element elementor-element-5f3d4e2 wrapper-fuller elementor-section-full_width elementor-section-height-default elementor-section-height-default\" data-id=\"5f3d4e2\" data-element_type=\"section\">\n\t\t\t\t\t\t<div class=\"elementor-container elementor-column-gap-default\">\n\t\t\t\t\t<div class=\"elementor-column elementor-col-100 elementor-top-column elementor-element elementor-element-8c888ad\" data-id=\"8c888ad\" data-element_type=\"column\">\n\t\t\t<div class=\"elementor-widget-wrap elementor-element-populated\">\n\t\t\t\t\t\t<div class=\"elementor-element elementor-element-26f7cff elementor-widget elementor-widget-aliothpagenav\" data-id=\"26f7cff\" data-element_type=\"widget\" data-widget_type=\"aliothpagenav.default\">\n\t\t\t\t<div class=\"elementor-widget-container\">\n\t\t\t\n\n<!-- Page Nav -->\n<div class=\"alioth-page-nav light\" data-duration=\"8000\">\n\n    <!--Page URL-->\n    <a target=\"_self\" href=\"https:\/\/magdalinette.com\/pl\/o-mnie\/\">\n\n        <!-- Page Title -->\n        <div class=\"page-title\">O mnie<\/div>\n        <!-- \/Page Title -->\n\n        <!-- Page Sub-Title -->\n        <div class=\"page-sub-title\">Co\u015b wi\u0119cej o mnie.<\/div>\n        <!-- \/Page Sub-Title -->\n\n    <\/a>\n\n<\/div>\n<!-- \/Page Nav -->\n\n\n\t\t<\/div>\n\t\t\t\t<\/div>\n\t\t\t\t\t<\/div>\n\t\t<\/div>\n\t\t\t\t\t<\/div>\n\t\t<\/section>\n\t\t\t\t<\/div>\n\t\t","protected":false},"excerpt":{"rendered":"<p>Nasz zesp\u00f3\u0142 to grupa do\u015bwiadczonych i zaanga\u017cowanych specjalist\u00f3w, kt\u00f3rzy codziennie wspieraj\u0105 Magd\u0119 w osi\u0105ganiu kolejnych sukces\u00f3w na \u015bwiatowych kortach. Wsp\u00f3lnie dbamy o jej rozw\u00f3j sportowy, zdrowie oraz odpowiedni\u0105 strategi\u0119 w ka\u017cdym meczu. Ka\u017cdy cz\u0142onek zespo\u0142u odgrywa kluczow\u0105 rol\u0119 w przygotowaniach do najwa\u017cniejszych turniej\u00f3w, zar\u00f3wno na poziomie technicznym, fizycznym, jak i mentalnym. Mark Gellard Coach Facebook [&hellip;]<\/p>\n","protected":false},"author":1,"featured_media":1211,"parent":0,"menu_order":0,"comment_status":"closed","ping_status":"closed","template":"","meta":{"_acf_changed":false,"footnotes":""},"class_list":["post-1249","page","type-page","status-publish","has-post-thumbnail","hentry"],"acf":[],"yoast_head":"<!-- This site is optimized with the Yoast SEO plugin v24.8.1 - https:\/\/yoast.com\/wordpress\/plugins\/seo\/ -->\n<title>Zesp\u00f3\u0142 Magdy Linette &#8226; Specjali\u015bci wspieraj\u0105cy sukcesy na kortach<\/title>\n<meta name=\"description\" content=\"Specjali\u015bci wspieraj\u0105cy Magd\u0119 Linette \u2013 trenerzy, fizjoterapeuci, psycholog i manager, dbaj\u0105 o jej przygotowanie fizyczne i mentalne na \u015bwiatowych kortach.\" \/>\n<meta name=\"robots\" content=\"index, follow, max-snippet:-1, max-image-preview:large, max-video-preview:-1\" \/>\n<link rel=\"canonical\" href=\"https:\/\/magdalinette.com\/pl\/zespol\/\" \/>\n<meta property=\"og:locale\" content=\"pl_PL\" \/>\n<meta property=\"og:type\" content=\"article\" \/>\n<meta property=\"og:title\" content=\"Zesp\u00f3\u0142 Magdy Linette &#8226; Specjali\u015bci wspieraj\u0105cy sukcesy na kortach\" \/>\n<meta property=\"og:description\" content=\"Specjali\u015bci wspieraj\u0105cy Magd\u0119 Linette \u2013 trenerzy, fizjoterapeuci, psycholog i manager, dbaj\u0105 o jej przygotowanie fizyczne i mentalne na \u015bwiatowych kortach.\" \/>\n<meta property=\"og:url\" content=\"https:\/\/magdalinette.com\/pl\/zespol\/\" \/>\n<meta property=\"og:site_name\" content=\"Magda Linette\" \/>\n<meta property=\"article:modified_time\" content=\"2025-10-18T21:06:15+00:00\" \/>\n<meta property=\"og:image\" content=\"https:\/\/magdalinette.com\/wp-content\/uploads\/2024\/09\/Mark-Gellard.jpg\" \/>\n\t<meta property=\"og:image:width\" content=\"800\" \/>\n\t<meta property=\"og:image:height\" content=\"1075\" \/>\n\t<meta property=\"og:image:type\" content=\"image\/jpeg\" \/>\n<meta name=\"twitter:card\" content=\"summary_large_image\" \/>\n<meta name=\"twitter:label1\" content=\"Szacowany czas czytania\" \/>\n\t<meta name=\"twitter:data1\" content=\"2 minuty\" \/>\n<script type=\"application\/ld+json\" class=\"yoast-schema-graph\">{\"@context\":\"https:\/\/schema.org\",\"@graph\":[{\"@type\":\"WebPage\",\"@id\":\"https:\/\/magdalinette.com\/pl\/zespol\/\",\"url\":\"https:\/\/magdalinette.com\/pl\/zespol\/\",\"name\":\"Zesp\u00f3\u0142 Magdy Linette &#8226; Specjali\u015bci wspieraj\u0105cy sukcesy na kortach\",\"isPartOf\":{\"@id\":\"https:\/\/magdalinette.com\/pl\/#website\"},\"primaryImageOfPage\":{\"@id\":\"https:\/\/magdalinette.com\/pl\/zespol\/#primaryimage\"},\"image\":{\"@id\":\"https:\/\/magdalinette.com\/pl\/zespol\/#primaryimage\"},\"thumbnailUrl\":\"https:\/\/magdalinette.com\/wp-content\/uploads\/2024\/09\/Mark-Gellard.jpg\",\"datePublished\":\"2022-03-24T12:48:50+00:00\",\"dateModified\":\"2025-10-18T21:06:15+00:00\",\"description\":\"Specjali\u015bci wspieraj\u0105cy Magd\u0119 Linette \u2013 trenerzy, fizjoterapeuci, psycholog i manager, dbaj\u0105 o jej przygotowanie fizyczne i mentalne na \u015bwiatowych kortach.\",\"breadcrumb\":{\"@id\":\"https:\/\/magdalinette.com\/pl\/zespol\/#breadcrumb\"},\"inLanguage\":\"pl-PL\",\"potentialAction\":[{\"@type\":\"ReadAction\",\"target\":[\"https:\/\/magdalinette.com\/pl\/zespol\/\"]}]},{\"@type\":\"ImageObject\",\"inLanguage\":\"pl-PL\",\"@id\":\"https:\/\/magdalinette.com\/pl\/zespol\/#primaryimage\",\"url\":\"https:\/\/magdalinette.com\/wp-content\/uploads\/2024\/09\/Mark-Gellard.jpg\",\"contentUrl\":\"https:\/\/magdalinette.com\/wp-content\/uploads\/2024\/09\/Mark-Gellard.jpg\",\"width\":800,\"height\":1075},{\"@type\":\"BreadcrumbList\",\"@id\":\"https:\/\/magdalinette.com\/pl\/zespol\/#breadcrumb\",\"itemListElement\":[{\"@type\":\"ListItem\",\"position\":1,\"name\":\"Strona g\u0142\u00f3wna\",\"item\":\"https:\/\/magdalinette.com\/pl\/\"},{\"@type\":\"ListItem\",\"position\":2,\"name\":\"Zesp\u00f3\u0142\"}]},{\"@type\":\"WebSite\",\"@id\":\"https:\/\/magdalinette.com\/pl\/#website\",\"url\":\"https:\/\/magdalinette.com\/pl\/\",\"name\":\"Magda Linette\",\"description\":\"Professional tennis player\",\"publisher\":{\"@id\":\"https:\/\/magdalinette.com\/pl\/#organization\"},\"potentialAction\":[{\"@type\":\"SearchAction\",\"target\":{\"@type\":\"EntryPoint\",\"urlTemplate\":\"https:\/\/magdalinette.com\/pl\/?s={search_term_string}\"},\"query-input\":{\"@type\":\"PropertyValueSpecification\",\"valueRequired\":true,\"valueName\":\"search_term_string\"}}],\"inLanguage\":\"pl-PL\"},{\"@type\":\"Organization\",\"@id\":\"https:\/\/magdalinette.com\/pl\/#organization\",\"name\":\"Magda Linette\",\"url\":\"https:\/\/magdalinette.com\/pl\/\",\"logo\":{\"@type\":\"ImageObject\",\"inLanguage\":\"pl-PL\",\"@id\":\"https:\/\/magdalinette.com\/pl\/#\/schema\/logo\/image\/\",\"url\":\"https:\/\/magdalinette.com\/wp-content\/uploads\/2024\/09\/logo-2.png\",\"contentUrl\":\"https:\/\/magdalinette.com\/wp-content\/uploads\/2024\/09\/logo-2.png\",\"width\":125,\"height\":45,\"caption\":\"Magda Linette\"},\"image\":{\"@id\":\"https:\/\/magdalinette.com\/pl\/#\/schema\/logo\/image\/\"}}]}<\/script>\n<!-- \/ Yoast SEO plugin. -->","yoast_head_json":{"title":"Zesp\u00f3\u0142 Magdy Linette &#8226; Specjali\u015bci wspieraj\u0105cy sukcesy na kortach","description":"Specjali\u015bci wspieraj\u0105cy Magd\u0119 Linette \u2013 trenerzy, fizjoterapeuci, psycholog i manager, dbaj\u0105 o jej przygotowanie fizyczne i mentalne na \u015bwiatowych kortach.","robots":{"index":"index","follow":"follow","max-snippet":"max-snippet:-1","max-image-preview":"max-image-preview:large","max-video-preview":"max-video-preview:-1"},"canonical":"https:\/\/magdalinette.com\/pl\/zespol\/","og_locale":"pl_PL","og_type":"article","og_title":"Zesp\u00f3\u0142 Magdy Linette &#8226; Specjali\u015bci wspieraj\u0105cy sukcesy na kortach","og_description":"Specjali\u015bci wspieraj\u0105cy Magd\u0119 Linette \u2013 trenerzy, fizjoterapeuci, psycholog i manager, dbaj\u0105 o jej przygotowanie fizyczne i mentalne na \u015bwiatowych kortach.","og_url":"https:\/\/magdalinette.com\/pl\/zespol\/","og_site_name":"Magda Linette","article_modified_time":"2025-10-18T21:06:15+00:00","og_image":[{"width":800,"height":1075,"url":"https:\/\/magdalinette.com\/wp-content\/uploads\/2024\/09\/Mark-Gellard.jpg","type":"image\/jpeg"}],"twitter_card":"summary_large_image","twitter_misc":{"Szacowany czas czytania":"2 minuty"},"schema":{"@context":"https:\/\/schema.org","@graph":[{"@type":"WebPage","@id":"https:\/\/magdalinette.com\/pl\/zespol\/","url":"https:\/\/magdalinette.com\/pl\/zespol\/","name":"Zesp\u00f3\u0142 Magdy Linette &#8226; Specjali\u015bci wspieraj\u0105cy sukcesy na kortach","isPartOf":{"@id":"https:\/\/magdalinette.com\/pl\/#website"},"primaryImageOfPage":{"@id":"https:\/\/magdalinette.com\/pl\/zespol\/#primaryimage"},"image":{"@id":"https:\/\/magdalinette.com\/pl\/zespol\/#primaryimage"},"thumbnailUrl":"https:\/\/magdalinette.com\/wp-content\/uploads\/2024\/09\/Mark-Gellard.jpg","datePublished":"2022-03-24T12:48:50+00:00","dateModified":"2025-10-18T21:06:15+00:00","description":"Specjali\u015bci wspieraj\u0105cy Magd\u0119 Linette \u2013 trenerzy, fizjoterapeuci, psycholog i manager, dbaj\u0105 o jej przygotowanie fizyczne i mentalne na \u015bwiatowych kortach.","breadcrumb":{"@id":"https:\/\/magdalinette.com\/pl\/zespol\/#breadcrumb"},"inLanguage":"pl-PL","potentialAction":[{"@type":"ReadAction","target":["https:\/\/magdalinette.com\/pl\/zespol\/"]}]},{"@type":"ImageObject","inLanguage":"pl-PL","@id":"https:\/\/magdalinette.com\/pl\/zespol\/#primaryimage","url":"https:\/\/magdalinette.com\/wp-content\/uploads\/2024\/09\/Mark-Gellard.jpg","contentUrl":"https:\/\/magdalinette.com\/wp-content\/uploads\/2024\/09\/Mark-Gellard.jpg","width":800,"height":1075},{"@type":"BreadcrumbList","@id":"https:\/\/magdalinette.com\/pl\/zespol\/#breadcrumb","itemListElement":[{"@type":"ListItem","position":1,"name":"Strona g\u0142\u00f3wna","item":"https:\/\/magdalinette.com\/pl\/"},{"@type":"ListItem","position":2,"name":"Zesp\u00f3\u0142"}]},{"@type":"WebSite","@id":"https:\/\/magdalinette.com\/pl\/#website","url":"https:\/\/magdalinette.com\/pl\/","name":"Magda Linette","description":"Professional tennis player","publisher":{"@id":"https:\/\/magdalinette.com\/pl\/#organization"},"potentialAction":[{"@type":"SearchAction","target":{"@type":"EntryPoint","urlTemplate":"https:\/\/magdalinette.com\/pl\/?s={search_term_string}"},"query-input":{"@type":"PropertyValueSpecification","valueRequired":true,"valueName":"search_term_string"}}],"inLanguage":"pl-PL"},{"@type":"Organization","@id":"https:\/\/magdalinette.com\/pl\/#organization","name":"Magda Linette","url":"https:\/\/magdalinette.com\/pl\/","logo":{"@type":"ImageObject","inLanguage":"pl-PL","@id":"https:\/\/magdalinette.com\/pl\/#\/schema\/logo\/image\/","url":"https:\/\/magdalinette.com\/wp-content\/uploads\/2024\/09\/logo-2.png","contentUrl":"https:\/\/magdalinette.com\/wp-content\/uploads\/2024\/09\/logo-2.png","width":125,"height":45,"caption":"Magda Linette"},"image":{"@id":"https:\/\/magdalinette.com\/pl\/#\/schema\/logo\/image\/"}}]}},"_links":{"self":[{"href":"https:\/\/magdalinette.com\/pl\/wp-json\/wp\/v2\/pages\/1249","targetHints":{"allow":["GET"]}}],"collection":[{"href":"https:\/\/magdalinette.com\/pl\/wp-json\/wp\/v2\/pages"}],"about":[{"href":"https:\/\/magdalinette.com\/pl\/wp-json\/wp\/v2\/types\/page"}],"author":[{"embeddable":true,"href":"https:\/\/magdalinette.com\/pl\/wp-json\/wp\/v2\/users\/1"}],"replies":[{"embeddable":true,"href":"https:\/\/magdalinette.com\/pl\/wp-json\/wp\/v2\/comments?post=1249"}],"version-history":[{"count":30,"href":"https:\/\/magdalinette.com\/pl\/wp-json\/wp\/v2\/pages\/1249\/revisions"}],"predecessor-version":[{"id":1500,"href":"https:\/\/magdalinette.com\/pl\/wp-json\/wp\/v2\/pages\/1249\/revisions\/1500"}],"wp:featuredmedia":[{"embeddable":true,"href":"https:\/\/magdalinette.com\/pl\/wp-json\/wp\/v2\/media\/1211"}],"wp:attachment":[{"href":"https:\/\/magdalinette.com\/pl\/wp-json\/wp\/v2\/media?parent=1249"}],"curies":[{"name":"wp","href":"https:\/\/api.w.org\/{rel}","templated":true}]}}